{"id":285,"date":"2021-04-22T16:32:46","date_gmt":"2021-04-22T14:32:46","guid":{"rendered":"http:\/\/www.elleviaggi.com\/?page_id=285"},"modified":"2023-03-27T18:34:43","modified_gmt":"2023-03-27T16:34:43","slug":"chi-siamo","status":"publish","type":"page","link":"https:\/\/www.elleviaggi.com\/en\/chi-siamo\/","title":{"rendered":"Chi siamo"},"content":{"rendered":"<div data-parent=\"true\" class=\"vc_row row-container with-parallax boomapps_vcrow\" id=\"row-unique-0\"><div class=\"row-background background-element\">\n\t\t\t\t\t\t\t\t\t\t\t<div class=\"background-wrapper\">\n\t\t\t\t\t\t\t\t\t\t\t\t<div class=\"background-inner\" style=\"background-image: url(https:\/\/www.elleviaggi.com\/wp-content\/uploads\/2023\/03\/chi_siamo_bg.webp);background-repeat: no-repeat;background-position: center center;background-size: cover;\"><\/div>\n\t\t\t\t\t\t\t\t\t\t\t\t<div class=\"block-bg-overlay style-color-prif-bg\" style=\"opacity: 0.3;\"><\/div>\n\t\t\t\t\t\t\t\t\t\t\t<\/div>\n\t\t\t\t\t\t\t\t\t\t<\/div><div class=\"row limit-width row-parent\" data-minheight=\"400\"><div class=\"wpb_row row-inner\"><div class=\"wpb_column pos-middle pos-center align_center column_parent col-lg-12 boomapps_vccolumn single-internal-gutter\"><div class=\"uncol style-light\"  ><div class=\"uncoltable\"><div class=\"uncell  boomapps_vccolumn no-block-padding\" ><div class=\"uncont\"><div class=\"vc_custom_heading_wrap\"><div class=\"heading-text el-text\" ><h1 class=\"font-893763 h1 text-color-xsdn-color\" ><span>Chi siamo<\/span><\/h1><\/div><div class=\"clear\"><\/div><\/div><\/div><\/div><\/div><\/div><\/div><script id=\"script-row-unique-0\" data-row=\"script-row-unique-0\" type=\"text\/javascript\" class=\"vc_controls\">UNCODE.initRow(document.getElementById(\"row-unique-0\"));<\/script><\/div><\/div><\/div><div data-parent=\"true\" class=\"vc_row row-container boomapps_vcrow\" id=\"row-unique-1\"><div class=\"row limit-width row-parent\"><div class=\"wpb_row row-inner\"><div class=\"wpb_column pos-top pos-center align_left column_parent col-lg-12 boomapps_vccolumn single-internal-gutter\"><div class=\"uncol style-light\"  ><div class=\"uncoltable\"><div class=\"uncell  boomapps_vccolumn no-block-padding\" ><div class=\"uncont\"><div class=\"uncode_text_column\" ><\/p>\n<h2>Chi siamo?<\/h2>\n<p>Alla richiesta di Annalisa, la nostra consulente di marketing e comunicazione, mi sono fermata a pensare, eppure all&#8217;inizio credevo che sarebbe stato semplice rispondere ed invece&#8230;. difficilissimo! Perch\u00e9 quella richiesta \u00e8 stata come un vulcano, un&#8217;esplosione che mi ha prodotto un&#8217;infinit\u00e0 di domande: da dove inizio? Cosa racconto? Come mi presento? Come ci presentiamo? Quale foto scegliere?&#8230; \u00a0&#8220;Allora!&#8221;<\/p>\n<p>Sono\u00a0Luigia, sono nata in un piccolo paese della lucania, a Tursi, in provincia di Matera. Sono la terza figlia di una famiglia che ha fatto dell&#8217;imprenditoria la sua ragione di vita. E quando\u00a0Carmine, l&#8217;altro componente dell&#8217;agenzia, anche mio marito, mi ha proposto di mettere su un&#8217;impresa lavorativa insieme, ho accettato la sfida, pur sapendo che la vita dell&#8217;agenzia sarebbe entrata a gamba tesa a far parte della vita familiare e viceversa. Cos\u00ec abbiamo deciso di intraprendere un&#8217;avventura dal nome\u00a0Elle\u00a0Viaggi.<\/p>\n<p>La nostra societ\u00e0 nasce cos\u00ec nel 2015. La nostra prima sede a Tursi \u00e8 stata in via Roma 243. Oggi invece siamo al numero civico 100 sempre di Via Roma, nel centro del paese, alla fine della centralissima Piazza Santa Maria D&#8217;Anglona, vicino la Cattedrale e alla sede del Municipio.<\/p>\n<p>Ci occupiamo principalmente di incoming in Basilicata e la nostra filosofia \u00e8 occuparci direttamente dei nostri ospiti. Non offriamo un&#8217;ospitalit\u00e0 standard ma, come degli artigiani, modelliamo il prodotto secondo la richiesta che ci viene fatta. Preferiamo lavorare con piccoli numeri per non perdere il contatto umano che si crea.<\/p>\n<p>Ogni ospite \u00e8 il nostro Ospite.<\/p>\n<p>Il nostro lavoro lo svolgiamo anche sul territorio offrendo i servizi classici dell&#8217;agenzia di viaggio perch\u00e8 crediamo nella rivitalizzazione delle comunit\u00e0 delle aree interne.<\/p>\n<p>Conoscere il territorio e le unicit\u00e0 di questa terra rendono il nostro lavoro sartoriale di costruzione del viaggio davvero unico, infatti le tante relazioni che abbiamo ci danno la possibilit\u00e0 di far conoscere l&#8217;anima della Basilicata attraverso le storie di artigiani, di vignaioli e agricoltori, di donne e uomini che hanno reso unico questo luogo e piatti succulenti e intrisi di storia.<\/p>\n<p>La nostra esperienza decennale nel settore mi porta ad affermare che siamo i consulenti di viaggio che state cercando.<\/p>\n<div id='gallery-1' class='gallery galleryid-285 gallery-columns-4 gallery-size-thumbnail'><figure class='gallery-item'>\n\t\t\t<div class='gallery-icon landscape'>\n\t\t\t\t<a href='https:\/\/www.elleviaggi.com\/en\/chi-siamo\/luigia\/'><img width=\"150\" height=\"150\" src=\"https:\/\/www.elleviaggi.com\/wp-content\/uploads\/2021\/04\/lUIGIA-150x150.jpg\" class=\"attachment-thumbnail size-thumbnail\" alt=\"\" decoding=\"async\" aria-describedby=\"gallery-1-371\" srcset=\"https:\/\/www.elleviaggi.com\/wp-content\/uploads\/2021\/04\/lUIGIA-150x150.jpg 150w, https:\/\/www.elleviaggi.com\/wp-content\/uploads\/2021\/04\/lUIGIA-300x300.jpg 300w, https:\/\/www.elleviaggi.com\/wp-content\/uploads\/2021\/04\/lUIGIA-600x600.jpg 600w, https:\/\/www.elleviaggi.com\/wp-content\/uploads\/2021\/04\/lUIGIA-12x12.jpg 12w, https:\/\/www.elleviaggi.com\/wp-content\/uploads\/2021\/04\/lUIGIA-100x100.jpg 100w, https:\/\/www.elleviaggi.com\/wp-content\/uploads\/2021\/04\/lUIGIA.jpg 720w\" sizes=\"(max-width: 150px) 100vw, 150px\" \/><\/a>\n\t\t\t<\/div>\n\t\t\t\t<figcaption class='wp-caption-text gallery-caption' id='gallery-1-371'>\n\t\t\t\tLuigia (&#8230;e Lucio)\n\t\t\t\t<\/figcaption><\/figure><figure class='gallery-item'>\n\t\t\t<div class='gallery-icon portrait'>\n\t\t\t\t<a href='https:\/\/www.elleviaggi.com\/en\/chi-siamo\/carmine\/'><img width=\"150\" height=\"150\" src=\"https:\/\/www.elleviaggi.com\/wp-content\/uploads\/2021\/04\/carmine-150x150.jpeg\" class=\"attachment-thumbnail size-thumbnail\" alt=\"\" decoding=\"async\" aria-describedby=\"gallery-1-379\" srcset=\"https:\/\/www.elleviaggi.com\/wp-content\/uploads\/2021\/04\/carmine-150x150.jpeg 150w, https:\/\/www.elleviaggi.com\/wp-content\/uploads\/2021\/04\/carmine-300x300.jpeg 300w, https:\/\/www.elleviaggi.com\/wp-content\/uploads\/2021\/04\/carmine-100x100.jpeg 100w\" sizes=\"(max-width: 150px) 100vw, 150px\" \/><\/a>\n\t\t\t<\/div>\n\t\t\t\t<figcaption class='wp-caption-text gallery-caption' id='gallery-1-379'>\n\t\t\t\tCarmine (&#8230;e l&#8217;asteroide)\n\t\t\t\t<\/figcaption><\/figure>\n\t\t<\/div>\n\n<p>\n<\/div><\/div><\/div><\/div><\/div><\/div><script id=\"script-row-unique-1\" data-row=\"script-row-unique-1\" type=\"text\/javascript\" class=\"vc_controls\">UNCODE.initRow(document.getElementById(\"row-unique-1\"));<\/script><\/div><\/div><\/div>","protected":false},"excerpt":{"rendered":"Chi siamoChi siamo? Alla richiesta di Annalisa, la nostra consulente di marketing e comunicazione, mi sono fermata a pensare, eppure [...]","protected":false},"author":4,"featured_media":190,"parent":0,"menu_order":0,"comment_status":"closed","ping_status":"closed","template":"","meta":[],"yoast_head":"<!-- This site is optimized with the Yoast SEO plugin v20.4 - https:\/\/yoast.com\/wordpress\/plugins\/seo\/ -->\n<title>Chi siamo - ElleViaggi<\/title>\n<meta name=\"robots\" content=\"index, follow, max-snippet:-1, max-image-preview:large, max-video-preview:-1\" \/>\n<link rel=\"canonical\" href=\"https:\/\/www.elleviaggi.com\/en\/chi-siamo\/\" \/>\n<meta property=\"og:locale\" content=\"en_GB\" \/>\n<meta property=\"og:type\" content=\"article\" \/>\n<meta property=\"og:title\" content=\"Chi siamo - ElleViaggi\" \/>\n<meta property=\"og:url\" content=\"https:\/\/www.elleviaggi.com\/en\/chi-siamo\/\" \/>\n<meta property=\"og:site_name\" content=\"ElleViaggi\" \/>\n<meta property=\"article:modified_time\" content=\"2023-03-27T16:34:43+00:00\" \/>\n<meta property=\"og:image\" content=\"https:\/\/www.elleviaggi.com\/wp-content\/uploads\/2018\/09\/of-matera-sassi-1200459_1920.jpg\" \/>\n\t<meta property=\"og:image:width\" content=\"1200\" \/>\n\t<meta property=\"og:image:height\" content=\"797\" \/>\n\t<meta property=\"og:image:type\" content=\"image\/jpeg\" \/>\n<meta name=\"twitter:card\" content=\"summary_large_image\" \/>\n<meta name=\"twitter:label1\" content=\"Estimated reading time\" \/>\n\t<meta name=\"twitter:data1\" content=\"3 minutes\" \/>\n<script type=\"application\/ld+json\" class=\"yoast-schema-graph\">{\"@context\":\"https:\/\/schema.org\",\"@graph\":[{\"@type\":\"WebPage\",\"@id\":\"https:\/\/www.elleviaggi.com\/chi-siamo\/\",\"url\":\"https:\/\/www.elleviaggi.com\/chi-siamo\/\",\"name\":\"Chi siamo - ElleViaggi\",\"isPartOf\":{\"@id\":\"https:\/\/www.elleviaggi.com\/#website\"},\"datePublished\":\"2021-04-22T14:32:46+00:00\",\"dateModified\":\"2023-03-27T16:34:43+00:00\",\"breadcrumb\":{\"@id\":\"https:\/\/www.elleviaggi.com\/chi-siamo\/#breadcrumb\"},\"inLanguage\":\"en-GB\",\"potentialAction\":[{\"@type\":\"ReadAction\",\"target\":[\"https:\/\/www.elleviaggi.com\/chi-siamo\/\"]}]},{\"@type\":\"BreadcrumbList\",\"@id\":\"https:\/\/www.elleviaggi.com\/chi-siamo\/#breadcrumb\",\"itemListElement\":[{\"@type\":\"ListItem\",\"position\":1,\"name\":\"Home\",\"item\":\"https:\/\/www.elleviaggi.com\/\"},{\"@type\":\"ListItem\",\"position\":2,\"name\":\"Chi siamo\"}]},{\"@type\":\"WebSite\",\"@id\":\"https:\/\/www.elleviaggi.com\/#website\",\"url\":\"https:\/\/www.elleviaggi.com\/\",\"name\":\"ElleViaggi\",\"description\":\"Agenzia viaggi in Basilicata\",\"potentialAction\":[{\"@type\":\"SearchAction\",\"target\":{\"@type\":\"EntryPoint\",\"urlTemplate\":\"https:\/\/www.elleviaggi.com\/?s={search_term_string}\"},\"query-input\":\"required name=search_term_string\"}],\"inLanguage\":\"en-GB\"}]}<\/script>\n<!-- \/ Yoast SEO plugin. -->","yoast_head_json":{"title":"Chi siamo - ElleViaggi","robots":{"index":"index","follow":"follow","max-snippet":"max-snippet:-1","max-image-preview":"max-image-preview:large","max-video-preview":"max-video-preview:-1"},"canonical":"https:\/\/www.elleviaggi.com\/en\/chi-siamo\/","og_locale":"en_GB","og_type":"article","og_title":"Chi siamo - ElleViaggi","og_url":"https:\/\/www.elleviaggi.com\/en\/chi-siamo\/","og_site_name":"ElleViaggi","article_modified_time":"2023-03-27T16:34:43+00:00","og_image":[{"width":1200,"height":797,"url":"https:\/\/www.elleviaggi.com\/wp-content\/uploads\/2018\/09\/of-matera-sassi-1200459_1920.jpg","type":"image\/jpeg"}],"twitter_card":"summary_large_image","twitter_misc":{"Estimated reading time":"3 minutes"},"schema":{"@context":"https:\/\/schema.org","@graph":[{"@type":"WebPage","@id":"https:\/\/www.elleviaggi.com\/chi-siamo\/","url":"https:\/\/www.elleviaggi.com\/chi-siamo\/","name":"Chi siamo - ElleViaggi","isPartOf":{"@id":"https:\/\/www.elleviaggi.com\/#website"},"datePublished":"2021-04-22T14:32:46+00:00","dateModified":"2023-03-27T16:34:43+00:00","breadcrumb":{"@id":"https:\/\/www.elleviaggi.com\/chi-siamo\/#breadcrumb"},"inLanguage":"en-GB","potentialAction":[{"@type":"ReadAction","target":["https:\/\/www.elleviaggi.com\/chi-siamo\/"]}]},{"@type":"BreadcrumbList","@id":"https:\/\/www.elleviaggi.com\/chi-siamo\/#breadcrumb","itemListElement":[{"@type":"ListItem","position":1,"name":"Home","item":"https:\/\/www.elleviaggi.com\/"},{"@type":"ListItem","position":2,"name":"Chi siamo"}]},{"@type":"WebSite","@id":"https:\/\/www.elleviaggi.com\/#website","url":"https:\/\/www.elleviaggi.com\/","name":"ElleViaggi","description":"Agenzia viaggi in Basilicata","potentialAction":[{"@type":"SearchAction","target":{"@type":"EntryPoint","urlTemplate":"https:\/\/www.elleviaggi.com\/?s={search_term_string}"},"query-input":"required name=search_term_string"}],"inLanguage":"en-GB"}]}},"_links":{"self":[{"href":"https:\/\/www.elleviaggi.com\/en\/wp-json\/wp\/v2\/pages\/285"}],"collection":[{"href":"https:\/\/www.elleviaggi.com\/en\/wp-json\/wp\/v2\/pages"}],"about":[{"href":"https:\/\/www.elleviaggi.com\/en\/wp-json\/wp\/v2\/types\/page"}],"author":[{"embeddable":true,"href":"https:\/\/www.elleviaggi.com\/en\/wp-json\/wp\/v2\/users\/4"}],"replies":[{"embeddable":true,"href":"https:\/\/www.elleviaggi.com\/en\/wp-json\/wp\/v2\/comments?post=285"}],"version-history":[{"count":19,"href":"https:\/\/www.elleviaggi.com\/en\/wp-json\/wp\/v2\/pages\/285\/revisions"}],"predecessor-version":[{"id":1128,"href":"https:\/\/www.elleviaggi.com\/en\/wp-json\/wp\/v2\/pages\/285\/revisions\/1128"}],"wp:featuredmedia":[{"embeddable":true,"href":"https:\/\/www.elleviaggi.com\/en\/wp-json\/wp\/v2\/media\/190"}],"wp:attachment":[{"href":"https:\/\/www.elleviaggi.com\/en\/wp-json\/wp\/v2\/media?parent=285"}],"curies":[{"name":"wp","href":"https:\/\/api.w.org\/{rel}","templated":true}]}}