{"id":485,"date":"2021-05-04T14:32:05","date_gmt":"2021-05-04T12:32:05","guid":{"rendered":"http:\/\/www.elleviaggi.com\/?post_type=product&#038;p=485"},"modified":"2021-05-06T13:11:23","modified_gmt":"2021-05-06T11:11:23","slug":"tour-borghi-e-natura","status":"publish","type":"product","link":"https:\/\/www.elleviaggi.com\/en\/product\/tour-borghi-e-natura\/","title":{"rendered":"Borgho and Nature Tour"},"content":{"rendered":"<h2>Calanchi | Parco Pollino | Tursi<\/h2>\n<h3>\u00a03 giorni &#8211; costo a partire da \u20ac 285,00<\/h3>\n<p>Costo a partire da \u20ac 285,00 per persona e comprende:<\/p>\n<p>Visita guidata &#8211; nella riserva del Calanchi di Montalbano Jonico;<br \/>\nVisita guidata &#8211; escursione nel Parco Nazionale del Pollino ;<br \/>\nPranzo o cena;<br \/>\nIngressi dove previsti;<br \/>\nPernotto con prima colazione in Hotel.<\/p>\n<p>&nbsp;<\/p>\n<p>Un piccolo viaggio che ci porta alla scoperta del meraviglioso territorio della Basilicata, tra i Calanchi e le cime innevate del Pollino.<\/p>","protected":false},"excerpt":{"rendered":"<h2>Calanchi | Parco Pollino | Tursi<\/h2>\n<h3>\u00a03 giorni &#8211; costo a partire da \u20ac 285,00<\/h3>\n<p>Il tour Borghi e Natura \u00e8 un piccolo viaggio che ci porta alla scoperta del meraviglioso territorio della Basilicata. Luogo affascinante (parola molto cara al popolo Lucano dove la magia permea ogni cosa) per i suoi paesaggi, dove lo sguardo si perde su distese quasi desertiche con i Calanchi fino ad alzarsi sulle cime innevate del massiccio del Pollino con i suoi oltre 2000 metri.<br \/>\nEcco, questo tour ci porter\u00e0 alla scoperta di questi ambienti cos\u00ec diversi ma uniti da un continuum che \u00e8 il fiume Sinni, con il suo scorrere lento ci porta alla scoperta di questi ecosistemi e ci accompagner\u00e0 fino alla sua foce dove scopriremo il mar Ionio.<br \/>\nVisiteremo inoltre il borgo di Tursi con il suo centro storico denominato la &#8220;Rabatana&#8221; nome dato dagli arabi nel periodo della loro permanenza in terra di Basilicata.<br \/>\nDimenticavo, nel nostro sali scendi, la buona tavola \u00e8 imprescindibile.<\/p>","protected":false},"featured_media":490,"comment_status":"open","ping_status":"closed","template":"","meta":[],"product_cat":[17],"product_tag":[28,29,30,31,32,33],"yoast_head":"<!-- This site is optimized with the Yoast SEO plugin v20.4 - https:\/\/yoast.com\/wordpress\/plugins\/seo\/ -->\n<title>Tour Borghi e Natura - ElleViaggi<\/title>\n<meta name=\"description\" content=\"Un piccolo viaggio che ci porta alla scoperta del meraviglioso territorio della Basilicata, tra i Calanchi e le cime innevate del Pollino\" \/>\n<meta name=\"robots\" content=\"index, follow, max-snippet:-1, max-image-preview:large, max-video-preview:-1\" \/>\n<link rel=\"canonical\" href=\"https:\/\/www.elleviaggi.com\/en\/product\/tour-borghi-e-natura\/\" \/>\n<meta property=\"og:locale\" content=\"en_GB\" \/>\n<meta property=\"og:type\" content=\"article\" \/>\n<meta property=\"og:title\" content=\"Tour Borghi e Natura - ElleViaggi\" \/>\n<meta property=\"og:description\" content=\"Un piccolo viaggio che ci porta alla scoperta del meraviglioso territorio della Basilicata, tra i Calanchi e le cime innevate del Pollino\" \/>\n<meta property=\"og:url\" content=\"https:\/\/www.elleviaggi.com\/en\/product\/tour-borghi-e-natura\/\" \/>\n<meta property=\"og:site_name\" content=\"ElleViaggi\" \/>\n<meta property=\"article:modified_time\" content=\"2021-05-06T11:11:23+00:00\" \/>\n<meta property=\"og:image\" content=\"https:\/\/www.elleviaggi.com\/wp-content\/uploads\/2021\/05\/tursi-1.jpeg\" \/>\n\t<meta property=\"og:image:width\" content=\"2048\" \/>\n\t<meta property=\"og:image:height\" content=\"1536\" \/>\n\t<meta property=\"og:image:type\" content=\"image\/jpeg\" \/>\n<meta name=\"twitter:card\" content=\"summary_large_image\" \/>\n<script type=\"application\/ld+json\" class=\"yoast-schema-graph\">{\"@context\":\"https:\/\/schema.org\",\"@graph\":[{\"@type\":\"WebPage\",\"@id\":\"https:\/\/www.elleviaggi.com\/prodotto\/tour-borghi-e-natura\/\",\"url\":\"https:\/\/www.elleviaggi.com\/prodotto\/tour-borghi-e-natura\/\",\"name\":\"Tour Borghi e Natura - ElleViaggi\",\"isPartOf\":{\"@id\":\"https:\/\/www.elleviaggi.com\/#website\"},\"datePublished\":\"2021-05-04T12:32:05+00:00\",\"dateModified\":\"2021-05-06T11:11:23+00:00\",\"description\":\"Un piccolo viaggio che ci porta alla scoperta del meraviglioso territorio della Basilicata, tra i Calanchi e le cime innevate del Pollino\",\"breadcrumb\":{\"@id\":\"https:\/\/www.elleviaggi.com\/prodotto\/tour-borghi-e-natura\/#breadcrumb\"},\"inLanguage\":\"en-GB\",\"potentialAction\":[{\"@type\":\"ReadAction\",\"target\":[\"https:\/\/www.elleviaggi.com\/prodotto\/tour-borghi-e-natura\/\"]}]},{\"@type\":\"BreadcrumbList\",\"@id\":\"https:\/\/www.elleviaggi.com\/prodotto\/tour-borghi-e-natura\/#breadcrumb\",\"itemListElement\":[{\"@type\":\"ListItem\",\"position\":1,\"name\":\"Home\",\"item\":\"https:\/\/www.elleviaggi.com\/\"},{\"@type\":\"ListItem\",\"position\":2,\"name\":\"Shop\",\"item\":\"https:\/\/www.elleviaggi.com\/negozio\/\"},{\"@type\":\"ListItem\",\"position\":3,\"name\":\"Tour Borghi e Natura\"}]},{\"@type\":\"WebSite\",\"@id\":\"https:\/\/www.elleviaggi.com\/#website\",\"url\":\"https:\/\/www.elleviaggi.com\/\",\"name\":\"ElleViaggi\",\"description\":\"Agenzia viaggi in Basilicata\",\"potentialAction\":[{\"@type\":\"SearchAction\",\"target\":{\"@type\":\"EntryPoint\",\"urlTemplate\":\"https:\/\/www.elleviaggi.com\/?s={search_term_string}\"},\"query-input\":\"required name=search_term_string\"}],\"inLanguage\":\"en-GB\"}]}<\/script>\n<!-- \/ Yoast SEO plugin. -->","yoast_head_json":{"title":"Tour Borghi e Natura - ElleViaggi","description":"Un piccolo viaggio che ci porta alla scoperta del meraviglioso territorio della Basilicata, tra i Calanchi e le cime innevate del Pollino","robots":{"index":"index","follow":"follow","max-snippet":"max-snippet:-1","max-image-preview":"max-image-preview:large","max-video-preview":"max-video-preview:-1"},"canonical":"https:\/\/www.elleviaggi.com\/en\/product\/tour-borghi-e-natura\/","og_locale":"en_GB","og_type":"article","og_title":"Tour Borghi e Natura - ElleViaggi","og_description":"Un piccolo viaggio che ci porta alla scoperta del meraviglioso territorio della Basilicata, tra i Calanchi e le cime innevate del Pollino","og_url":"https:\/\/www.elleviaggi.com\/en\/product\/tour-borghi-e-natura\/","og_site_name":"ElleViaggi","article_modified_time":"2021-05-06T11:11:23+00:00","og_image":[{"width":2048,"height":1536,"url":"https:\/\/www.elleviaggi.com\/wp-content\/uploads\/2021\/05\/tursi-1.jpeg","type":"image\/jpeg"}],"twitter_card":"summary_large_image","schema":{"@context":"https:\/\/schema.org","@graph":[{"@type":"WebPage","@id":"https:\/\/www.elleviaggi.com\/prodotto\/tour-borghi-e-natura\/","url":"https:\/\/www.elleviaggi.com\/prodotto\/tour-borghi-e-natura\/","name":"Tour Borghi e Natura - ElleViaggi","isPartOf":{"@id":"https:\/\/www.elleviaggi.com\/#website"},"datePublished":"2021-05-04T12:32:05+00:00","dateModified":"2021-05-06T11:11:23+00:00","description":"Un piccolo viaggio che ci porta alla scoperta del meraviglioso territorio della Basilicata, tra i Calanchi e le cime innevate del Pollino","breadcrumb":{"@id":"https:\/\/www.elleviaggi.com\/prodotto\/tour-borghi-e-natura\/#breadcrumb"},"inLanguage":"en-GB","potentialAction":[{"@type":"ReadAction","target":["https:\/\/www.elleviaggi.com\/prodotto\/tour-borghi-e-natura\/"]}]},{"@type":"BreadcrumbList","@id":"https:\/\/www.elleviaggi.com\/prodotto\/tour-borghi-e-natura\/#breadcrumb","itemListElement":[{"@type":"ListItem","position":1,"name":"Home","item":"https:\/\/www.elleviaggi.com\/"},{"@type":"ListItem","position":2,"name":"Shop","item":"https:\/\/www.elleviaggi.com\/negozio\/"},{"@type":"ListItem","position":3,"name":"Tour Borghi e Natura"}]},{"@type":"WebSite","@id":"https:\/\/www.elleviaggi.com\/#website","url":"https:\/\/www.elleviaggi.com\/","name":"ElleViaggi","description":"Agenzia viaggi in Basilicata","potentialAction":[{"@type":"SearchAction","target":{"@type":"EntryPoint","urlTemplate":"https:\/\/www.elleviaggi.com\/?s={search_term_string}"},"query-input":"required name=search_term_string"}],"inLanguage":"en-GB"}]}},"_links":{"self":[{"href":"https:\/\/www.elleviaggi.com\/en\/wp-json\/wp\/v2\/product\/485"}],"collection":[{"href":"https:\/\/www.elleviaggi.com\/en\/wp-json\/wp\/v2\/product"}],"about":[{"href":"https:\/\/www.elleviaggi.com\/en\/wp-json\/wp\/v2\/types\/product"}],"replies":[{"embeddable":true,"href":"https:\/\/www.elleviaggi.com\/en\/wp-json\/wp\/v2\/comments?post=485"}],"wp:featuredmedia":[{"embeddable":true,"href":"https:\/\/www.elleviaggi.com\/en\/wp-json\/wp\/v2\/media\/490"}],"wp:attachment":[{"href":"https:\/\/www.elleviaggi.com\/en\/wp-json\/wp\/v2\/media?parent=485"}],"wp:term":[{"taxonomy":"product_cat","embeddable":true,"href":"https:\/\/www.elleviaggi.com\/en\/wp-json\/wp\/v2\/product_cat?post=485"},{"taxonomy":"product_tag","embeddable":true,"href":"https:\/\/www.elleviaggi.com\/en\/wp-json\/wp\/v2\/product_tag?post=485"}],"curies":[{"name":"wp","href":"https:\/\/api.w.org\/{rel}","templated":true}]}}